{"id":56,"date":"2022-10-18T20:21:00","date_gmt":"2022-10-18T18:21:00","guid":{"rendered":"http:\/\/kresowa.com.pl\/?page_id=56"},"modified":"2024-10-13T18:12:41","modified_gmt":"2024-10-13T16:12:41","slug":"menu","status":"publish","type":"page","link":"https:\/\/kresowa.com.pl\/?page_id=56","title":{"rendered":"Menu"},"content":{"rendered":"\n    \n    <section class=\"u-align-right u-clearfix u-uploaded-video u-video u-section-2\" id=\"carousel_8256\">\n      <div class=\"u-background-video u-expanded\" style=\"\">\n        <div class=\"embed-responsive\">\n          <video class=\"embed-responsive-item\" data-autoplay=\"1\" loop=\"\" muted=\"1\" autoplay=\"autoplay\" playsinline=\"\">\n            <source src=\"https:\/\/kresowa.com.pl\/wp-content\/uploads\/2022\/10\/Stek-16395-1.mp4\" type=\"video\/mp4\">\n            <p>Your browser does not support HTML5 video.<\/p>\n          <\/video>\n        <\/div>\n      <\/div>\n      <div class=\"u-clearfix u-sheet u-sheet-1\">\n        <h1 class=\"u-align-center u-custom-font u-text u-text-default u-text-1\">Witaj w&nbsp;<br>\n        <\/h1>\n        <p class=\"u-align-center u-custom-font u-font-georgia u-text u-text-default u-text-2\">RESTAURACJI&nbsp; &nbsp;KRESOWEJ<\/p>\n      <\/div>\n    <\/section>\n    <section class=\"u-clearfix u-section-3\" id=\"carousel_d20a\">\n      <div class=\"u-clearfix u-sheet u-sheet-1\">\n        <div class=\"u-clearfix u-expanded-width u-layout-wrap u-layout-wrap-1\">\n          <div class=\"u-layout\">\n            <div class=\"u-layout-row\">\n              <div class=\"u-align-left-sm u-align-left-xs u-container-style u-layout-cell u-size-19 u-layout-cell-1\">\n                <div class=\"u-container-layout u-container-layout-1\">\n                  <div class=\"u-image u-image-circle u-image-1\" alt=\"\" data-image-width=\"1280\" data-image-height=\"854\" style=\"background-image: url(&quot;https:\/\/kresowa.com.pl\/wp-content\/uploads\/2022\/10\/vegetables-7438072_1280-1.jpg&quot;);\"><\/div>\n                <\/div>\n              <\/div>\n              <div class=\"u-align-left u-container-style u-layout-cell u-size-41 u-layout-cell-2\">\n                <div class=\"u-container-layout u-container-layout-2\">\n                  <h2 class=\"u-custom-font u-font-merriweather u-text u-text-1\"> &nbsp; &nbsp; &nbsp; MENU<\/h2>\n                <\/div>\n              <\/div>\n            <\/div>\n          <\/div>\n        <\/div>\n        <img class=\"u-image u-image-default u-image-2\" src=\"https:\/\/kresowa.com.pl\/wp-content\/uploads\/2024\/10\/menu_kresowa.jpg\" alt=\"\" data-image-width=\"1015\" data-image-height=\"1627\">\n      <\/div>\n    <\/section>\n    <section class=\"u-align-center u-clearfix u-white u-section-4\" id=\"sec-ddf4\">\n      <div class=\"u-clearfix u-sheet u-sheet-1\">\n        <h2 class=\"u-custom-font u-font-merriweather u-text u-text-default-lg u-text-default-md u-text-default-sm u-text-default-xl u-text-1\">Kontakt<\/h2>\n        <div class=\"u-clearfix u-expanded-width u-layout-wrap u-layout-wrap-1\">\n          <div class=\"u-gutter-0 u-layout\">\n            <div class=\"u-layout-row\">\n              <div class=\"u-container-style u-layout-cell u-left-cell u-size-30 u-layout-cell-1\">\n                <div class=\"u-container-layout u-container-layout-1\">\n                  <h4 class=\"u-align-center u-text u-text-2\">RESTAURACJA&nbsp; &nbsp; KRESOWA<\/h4>\n                  <p class=\"u-align-left u-text u-text-3\">\n                    <span style=\"font-weight: 700;\">GODZINY OTWARCIA DLA GO\u015aCI INDYWIDUALNYCH<\/span>&nbsp;<br>Pi\u0105tek-Sobota-Niedziela 12.00-19.00<br>\n                    <br>W tygodniu organizujemy imprezy okoliczno\u015bciowe takiego typu jak: Imieniny , urodziny, jubileusze, wesela , chrzciny , komunie , konsolacja, spotkania rodzinne.<span style=\"font-weight: 700;\"><\/span>\n                    <br>\n                    <br>\n                    <span style=\"font-weight: 700;\">RESTAURACJA&nbsp;<\/span>\n                    <span style=\"font-weight: 700;\">&nbsp;KRESOWA<\/span>\n                    <br>05-119 Legionowo&nbsp;<br>Ul. Zegrzy\u0144ska 1b&nbsp;&nbsp;<br>\n                    <br>Restauracja:\n&nbsp;tel : 535 333 195&nbsp;&nbsp;&nbsp; czynny w godzinach otwarcia&nbsp;<br> email : rezerwacje@kresowa.com.pl \n                  <\/p>\n                <\/div>\n              <\/div>\n              <div class=\"u-align-left u-container-style u-layout-cell u-right-cell u-size-30 u-layout-cell-2\">\n                <div class=\"u-container-layout u-valign-top u-container-layout-2\">\n                  <h4 class=\"u-text u-text-4\">KONTAKT<\/h4>\n                  <p class=\"u-text u-text-5\">Menager restauracji&nbsp; tel &nbsp;: &nbsp;534 534 259<br>\n                    <br>W\u0142a\u015bcicielki restauracji:\n&nbsp;&nbsp;tel :&nbsp; 503 813 677\n&nbsp;&nbsp;tel &nbsp;:&nbsp; 501 264 126 \n                  <\/p>\n                  <div class=\"u-social-icons u-spacing-10 u-social-icons-1\">\n                    <a class=\"u-social-url\" title=\"facebook\" target=\"_blank\" href=\"https:\/\/facebook.com\/name\"><span class=\"u-icon u-social-facebook u-social-icon u-icon-1\"><svg class=\"u-svg-link\" preserveAspectRatio=\"xMidYMin slice\" viewBox=\"0 0 112 112\" style=\"\"><use xmlns:xlink=\"http:\/\/www.w3.org\/1999\/xlink\" xlink:href=\"#svg-ed2f\"><\/use><\/svg><svg class=\"u-svg-content\" viewBox=\"0 0 112 112\" x=\"0\" y=\"0\" id=\"svg-ed2f\"><circle fill=\"currentColor\" cx=\"56.1\" cy=\"56.1\" r=\"55\"><\/circle><path fill=\"#FFFFFF\" d=\"M73.5,31.6h-9.1c-1.4,0-3.6,0.8-3.6,3.9v8.5h12.6L72,58.3H60.8v40.8H43.9V58.3h-8V43.9h8v-9.2\nc0-6.7,3.1-17,17-17h12.5v13.9H73.5z\"><\/path><\/svg><\/span>\n                    <\/a>\n                  <\/div>\n                <\/div>\n              <\/div>\n            <\/div>\n          <\/div>\n        <\/div>\n      <\/div>\n    <\/section>\n    <section class=\"u-clearfix u-grey-light-2 u-typography-custom-page-typography-12--Map u-section-5\" id=\"sec-38ff\">\n      <div class=\"u-expanded u-grey-light-2 u-map\">\n        <div class=\"embed-responsive\">\n          <iframe class=\"embed-responsive-item\" src=\"\/\/maps.google.com\/maps?output=embed&amp;q=Legionowo%20ul%20Zegrzy%C5%84ska%201b&amp;t=m\" data-map=\"JTdCJTIycG9zaXRpb25UeXBlJTIyJTNBJTIybWFwLXBvaW50JTIyJTJDJTIyYWRkcmVzcyUyMiUzQSUyMkxlZ2lvbm93byUyMHVsJTIwWmVncnp5JUM1JTg0c2thJTIwMWIlMjIlMkMlMjJ6b29tJTIyJTNBbnVsbCUyQyUyMnR5cGVJZCUyMiUzQSUyMnJvYWQlMjIlMkMlMjJsYW5nJTIyJTNBbnVsbCUyQyUyMmFwaUtleSUyMiUzQW51bGwlMkMlMjJtYXJrZXJzJTIyJTNBJTVCJTVEJTdE\"><\/iframe>\n        <\/div>\n      <\/div>\n    <\/section>\n    \n    \n    \n    \n  \n","protected":false},"excerpt":{"rendered":"<p>Your browser does not support HTML5 video. Witaj w&nbsp; RESTAURACJI&nbsp; &nbsp;KRESOWEJ &nbsp; &nbsp; &nbsp; MENU Kontakt RESTAURACJA&nbsp; &nbsp; KRESOWA GODZINY OTWARCIA DLA GO\u015aCI INDYWIDUALNYCH&nbsp;Pi\u0105tek-Sobota-Niedziela 12.00-19.00 W tygodniu organizujemy imprezy okoliczno\u015bciowe takiego typu jak: Imieniny , urodziny, jubileusze, wesela , chrzciny , komunie , konsolacja, spotkania rodzinne. RESTAURACJA&nbsp; &nbsp;KRESOWA 05-119 Legionowo&nbsp;Ul. Zegrzy\u0144ska 1b&nbsp;&nbsp; Restauracja: &nbsp;tel : &hellip; <a href=\"https:\/\/kresowa.com.pl\/?page_id=56\" class=\"more-link\">Continue reading<span class=\"screen-reader-text\"> &#8222;Menu&#8221;<\/span><\/a><\/p>\n","protected":false},"author":1,"featured_media":0,"parent":0,"menu_order":9,"comment_status":"closed","ping_status":"closed","template":"","meta":[],"yoast_head":"<!-- This site is optimized with the Yoast SEO plugin v19.9 - https:\/\/yoast.com\/wordpress\/plugins\/seo\/ -->\n<title>Menu - wordpressplugins<\/title>\n<meta name=\"robots\" content=\"index, follow, max-snippet:-1, max-image-preview:large, max-video-preview:-1\" \/>\n<link rel=\"canonical\" href=\"https:\/\/kresowa.com.pl\/?page_id=56\" \/>\n<meta property=\"og:locale\" content=\"pl_PL\" \/>\n<meta property=\"og:type\" content=\"article\" \/>\n<meta property=\"og:title\" content=\"Menu - wordpressplugins\" \/>\n<meta property=\"og:description\" content=\"Your browser does not support HTML5 video. Witaj w&nbsp; RESTAURACJI&nbsp; &nbsp;KRESOWEJ &nbsp; &nbsp; &nbsp; MENU Kontakt RESTAURACJA&nbsp; &nbsp; KRESOWA GODZINY OTWARCIA DLA GO\u015aCI INDYWIDUALNYCH&nbsp;Pi\u0105tek-Sobota-Niedziela 12.00-19.00 W tygodniu organizujemy imprezy okoliczno\u015bciowe takiego typu jak: Imieniny , urodziny, jubileusze, wesela , chrzciny , komunie , konsolacja, spotkania rodzinne. RESTAURACJA&nbsp; &nbsp;KRESOWA 05-119 Legionowo&nbsp;Ul. Zegrzy\u0144ska 1b&nbsp;&nbsp; Restauracja: &nbsp;tel : &hellip; Continue reading &quot;Menu&quot;\" \/>\n<meta property=\"og:url\" content=\"https:\/\/kresowa.com.pl\/?page_id=56\" \/>\n<meta property=\"og:site_name\" content=\"wordpressplugins\" \/>\n<meta property=\"article:publisher\" content=\"https:\/\/www.facebook.com\/kresowalegionowo\" \/>\n<meta property=\"article:modified_time\" content=\"2024-10-13T16:12:41+00:00\" \/>\n<meta name=\"twitter:card\" content=\"summary_large_image\" \/>\n<meta name=\"twitter:label1\" content=\"Szacowany czas czytania\" \/>\n\t<meta name=\"twitter:data1\" content=\"1 minuta\" \/>\n<script type=\"application\/ld+json\" class=\"yoast-schema-graph\">{\"@context\":\"https:\/\/schema.org\",\"@graph\":[{\"@type\":\"WebPage\",\"@id\":\"https:\/\/kresowa.com.pl\/?page_id=56\",\"url\":\"https:\/\/kresowa.com.pl\/?page_id=56\",\"name\":\"Menu - wordpressplugins\",\"isPartOf\":{\"@id\":\"https:\/\/kresowa.com.pl\/#website\"},\"datePublished\":\"2022-10-18T18:21:00+00:00\",\"dateModified\":\"2024-10-13T16:12:41+00:00\",\"breadcrumb\":{\"@id\":\"https:\/\/kresowa.com.pl\/?page_id=56#breadcrumb\"},\"inLanguage\":\"pl-PL\",\"potentialAction\":[{\"@type\":\"ReadAction\",\"target\":[\"https:\/\/kresowa.com.pl\/?page_id=56\"]}]},{\"@type\":\"BreadcrumbList\",\"@id\":\"https:\/\/kresowa.com.pl\/?page_id=56#breadcrumb\",\"itemListElement\":[{\"@type\":\"ListItem\",\"position\":1,\"name\":\"Home\",\"item\":\"https:\/\/kresowa.com.pl\/\"},{\"@type\":\"ListItem\",\"position\":2,\"name\":\"Menu\"}]},{\"@type\":\"WebSite\",\"@id\":\"https:\/\/kresowa.com.pl\/#website\",\"url\":\"https:\/\/kresowa.com.pl\/\",\"name\":\"wordpressplugins\",\"description\":\"Kolejna witryna oparta na WordPressie\",\"publisher\":{\"@id\":\"https:\/\/kresowa.com.pl\/#organization\"},\"potentialAction\":[{\"@type\":\"SearchAction\",\"target\":{\"@type\":\"EntryPoint\",\"urlTemplate\":\"https:\/\/kresowa.com.pl\/?s={search_term_string}\"},\"query-input\":\"required name=search_term_string\"}],\"inLanguage\":\"pl-PL\"},{\"@type\":\"Organization\",\"@id\":\"https:\/\/kresowa.com.pl\/#organization\",\"name\":\"restauracja\",\"url\":\"https:\/\/kresowa.com.pl\/\",\"logo\":{\"@type\":\"ImageObject\",\"inLanguage\":\"pl-PL\",\"@id\":\"https:\/\/kresowa.com.pl\/#\/schema\/logo\/image\/\",\"url\":\"https:\/\/kresowa.com.pl\/wp-content\/uploads\/2022\/10\/restauracja_Legionowo-1.jpg\",\"contentUrl\":\"https:\/\/kresowa.com.pl\/wp-content\/uploads\/2022\/10\/restauracja_Legionowo-1.jpg\",\"width\":1920,\"height\":1280,\"caption\":\"restauracja\"},\"image\":{\"@id\":\"https:\/\/kresowa.com.pl\/#\/schema\/logo\/image\/\"},\"sameAs\":[\"https:\/\/www.facebook.com\/kresowalegionowo\"]}]}<\/script>\n<!-- \/ Yoast SEO plugin. -->","yoast_head_json":{"title":"Menu - wordpressplugins","robots":{"index":"index","follow":"follow","max-snippet":"max-snippet:-1","max-image-preview":"max-image-preview:large","max-video-preview":"max-video-preview:-1"},"canonical":"https:\/\/kresowa.com.pl\/?page_id=56","og_locale":"pl_PL","og_type":"article","og_title":"Menu - wordpressplugins","og_description":"Your browser does not support HTML5 video. Witaj w&nbsp; RESTAURACJI&nbsp; &nbsp;KRESOWEJ &nbsp; &nbsp; &nbsp; MENU Kontakt RESTAURACJA&nbsp; &nbsp; KRESOWA GODZINY OTWARCIA DLA GO\u015aCI INDYWIDUALNYCH&nbsp;Pi\u0105tek-Sobota-Niedziela 12.00-19.00 W tygodniu organizujemy imprezy okoliczno\u015bciowe takiego typu jak: Imieniny , urodziny, jubileusze, wesela , chrzciny , komunie , konsolacja, spotkania rodzinne. RESTAURACJA&nbsp; &nbsp;KRESOWA 05-119 Legionowo&nbsp;Ul. Zegrzy\u0144ska 1b&nbsp;&nbsp; Restauracja: &nbsp;tel : &hellip; Continue reading \"Menu\"","og_url":"https:\/\/kresowa.com.pl\/?page_id=56","og_site_name":"wordpressplugins","article_publisher":"https:\/\/www.facebook.com\/kresowalegionowo","article_modified_time":"2024-10-13T16:12:41+00:00","twitter_card":"summary_large_image","twitter_misc":{"Szacowany czas czytania":"1 minuta"},"schema":{"@context":"https:\/\/schema.org","@graph":[{"@type":"WebPage","@id":"https:\/\/kresowa.com.pl\/?page_id=56","url":"https:\/\/kresowa.com.pl\/?page_id=56","name":"Menu - wordpressplugins","isPartOf":{"@id":"https:\/\/kresowa.com.pl\/#website"},"datePublished":"2022-10-18T18:21:00+00:00","dateModified":"2024-10-13T16:12:41+00:00","breadcrumb":{"@id":"https:\/\/kresowa.com.pl\/?page_id=56#breadcrumb"},"inLanguage":"pl-PL","potentialAction":[{"@type":"ReadAction","target":["https:\/\/kresowa.com.pl\/?page_id=56"]}]},{"@type":"BreadcrumbList","@id":"https:\/\/kresowa.com.pl\/?page_id=56#breadcrumb","itemListElement":[{"@type":"ListItem","position":1,"name":"Home","item":"https:\/\/kresowa.com.pl\/"},{"@type":"ListItem","position":2,"name":"Menu"}]},{"@type":"WebSite","@id":"https:\/\/kresowa.com.pl\/#website","url":"https:\/\/kresowa.com.pl\/","name":"wordpressplugins","description":"Kolejna witryna oparta na WordPressie","publisher":{"@id":"https:\/\/kresowa.com.pl\/#organization"},"potentialAction":[{"@type":"SearchAction","target":{"@type":"EntryPoint","urlTemplate":"https:\/\/kresowa.com.pl\/?s={search_term_string}"},"query-input":"required name=search_term_string"}],"inLanguage":"pl-PL"},{"@type":"Organization","@id":"https:\/\/kresowa.com.pl\/#organization","name":"restauracja","url":"https:\/\/kresowa.com.pl\/","logo":{"@type":"ImageObject","inLanguage":"pl-PL","@id":"https:\/\/kresowa.com.pl\/#\/schema\/logo\/image\/","url":"https:\/\/kresowa.com.pl\/wp-content\/uploads\/2022\/10\/restauracja_Legionowo-1.jpg","contentUrl":"https:\/\/kresowa.com.pl\/wp-content\/uploads\/2022\/10\/restauracja_Legionowo-1.jpg","width":1920,"height":1280,"caption":"restauracja"},"image":{"@id":"https:\/\/kresowa.com.pl\/#\/schema\/logo\/image\/"},"sameAs":["https:\/\/www.facebook.com\/kresowalegionowo"]}]}},"_links":{"self":[{"href":"https:\/\/kresowa.com.pl\/index.php?rest_route=\/wp\/v2\/pages\/56"}],"collection":[{"href":"https:\/\/kresowa.com.pl\/index.php?rest_route=\/wp\/v2\/pages"}],"about":[{"href":"https:\/\/kresowa.com.pl\/index.php?rest_route=\/wp\/v2\/types\/page"}],"author":[{"embeddable":true,"href":"https:\/\/kresowa.com.pl\/index.php?rest_route=\/wp\/v2\/users\/1"}],"replies":[{"embeddable":true,"href":"https:\/\/kresowa.com.pl\/index.php?rest_route=%2Fwp%2Fv2%2Fcomments&post=56"}],"version-history":[{"count":4,"href":"https:\/\/kresowa.com.pl\/index.php?rest_route=\/wp\/v2\/pages\/56\/revisions"}],"predecessor-version":[{"id":134,"href":"https:\/\/kresowa.com.pl\/index.php?rest_route=\/wp\/v2\/pages\/56\/revisions\/134"}],"wp:attachment":[{"href":"https:\/\/kresowa.com.pl\/index.php?rest_route=%2Fwp%2Fv2%2Fmedia&parent=56"}],"curies":[{"name":"wp","href":"https:\/\/api.w.org\/{rel}","templated":true}]}}